{"id":8321,"date":"2026-04-08T16:44:03","date_gmt":"2026-04-08T16:44:03","guid":{"rendered":"https:\/\/www.briljanteplanten.nl\/?post_type=product&#038;p=8321"},"modified":"2026-04-08T16:45:29","modified_gmt":"2026-04-08T16:45:29","slug":"workshop-maak-je-eigen-zalf","status":"publish","type":"product","link":"https:\/\/www.briljanteplanten.nl\/index.php\/product\/workshop-maak-je-eigen-zalf\/","title":{"rendered":"Workshop Zelf zalf maken met (wilde) planten"},"content":{"rendered":"<p>De workshop is in de Tuin van Oostduin, landgoed Oostduin-Arendsdorp in Den Haag. Na aanmelding ontvang je meer informatie over hoe je de tuin makkelijk kunt vinden.<\/p>\n<p>De opbrengst van deze rondleiding komt bijna geheel ten goede aan de Tuin van Oostduin en wordt besteed aan de nieuwe kas, waarvoor de vrijwilligers aan het sparen zijn. Door deel te nemen aan de workshop draag je bij aan de verdere verfraaiing van deze buurttuin &amp; voedselverbindingsplek.<\/p>\n","protected":false},"excerpt":{"rendered":"<p>In deze workshop leer je hoe je planten uit je tuin of omgeving kunt gebruiken om een eenvoudige zalf te maken. Daarna gaan we aan de slag en maak je jouw eigen zalf. Ik vertel je meer over de ingredi\u00ebnten, die we tijdens de workshop gebruiken en de essenti\u00eble oli\u00ebn, waarmee je je eigen geur kunt toevoegen aan jouw zalf. Natuurlijk ga je naar huis met een potje zalf.<\/p>\n<p>In 2016 heb ik het initiatief genomen om de moes-, kruiden- en bloementuinen weer terug te brengen op landgoed Oostduin-Arendsdorp in Den Haag. In de afgelopen jaren heb ik me verdiept in eetbare planten en het gebruik van planten vroeger en nu. Mijn enthousiasme over planten is inmiddels uitgegroeid tot een ware passie en ik deel mijn kennis graag tijdens workshops en deze rondleiding.<\/p>\n","protected":false},"featured_media":7981,"comment_status":"open","ping_status":"closed","template":"","meta":[],"product_brand":[],"product_cat":[25,31],"product_tag":[],"class_list":{"0":"post-8321","1":"product","2":"type-product","3":"status-publish","4":"has-post-thumbnail","6":"product_cat-workshop","7":"product_cat-zalf-maken","9":"first","10":"instock","11":"taxable","12":"shipping-taxable","13":"purchasable","14":"product-type-simple"},"_links":{"self":[{"href":"https:\/\/www.briljanteplanten.nl\/index.php\/wp-json\/wp\/v2\/product\/8321","targetHints":{"allow":["GET"]}}],"collection":[{"href":"https:\/\/www.briljanteplanten.nl\/index.php\/wp-json\/wp\/v2\/product"}],"about":[{"href":"https:\/\/www.briljanteplanten.nl\/index.php\/wp-json\/wp\/v2\/types\/product"}],"replies":[{"embeddable":true,"href":"https:\/\/www.briljanteplanten.nl\/index.php\/wp-json\/wp\/v2\/comments?post=8321"}],"wp:featuredmedia":[{"embeddable":true,"href":"https:\/\/www.briljanteplanten.nl\/index.php\/wp-json\/wp\/v2\/media\/7981"}],"wp:attachment":[{"href":"https:\/\/www.briljanteplanten.nl\/index.php\/wp-json\/wp\/v2\/media?parent=8321"}],"wp:term":[{"taxonomy":"product_brand","embeddable":true,"href":"https:\/\/www.briljanteplanten.nl\/index.php\/wp-json\/wp\/v2\/product_brand?post=8321"},{"taxonomy":"product_cat","embeddable":true,"href":"https:\/\/www.briljanteplanten.nl\/index.php\/wp-json\/wp\/v2\/product_cat?post=8321"},{"taxonomy":"product_tag","embeddable":true,"href":"https:\/\/www.briljanteplanten.nl\/index.php\/wp-json\/wp\/v2\/product_tag?post=8321"}],"curies":[{"name":"wp","href":"https:\/\/api.w.org\/{rel}","templated":true}]}}